{"id":41569,"date":"2026-02-11T22:34:21","date_gmt":"2026-02-11T22:34:21","guid":{"rendered":"https:\/\/www.exp.com\/?page_id=41569"},"modified":"2026-03-31T15:58:48","modified_gmt":"2026-03-31T15:58:48","slug":"etudiants-nouveaux-diplomes","status":"publish","type":"page","link":"https:\/\/www.exp.com\/fr\/carrieres\/etudiants-nouveaux-diplomes\/","title":{"rendered":"\u00c9tudiants + nouveaux dipl\u00f4m\u00e9s"},"content":{"rendered":"","protected":false},"excerpt":{"rendered":"","protected":false},"author":5,"featured_media":42106,"parent":41391,"menu_order":0,"comment_status":"closed","ping_status":"closed","template":"","meta":{"_acf_changed":false,"footnotes":""},"class_list":["post-41569","page","type-page","status-publish","has-post-thumbnail","hentry"],"acf":[],"_links":{"self":[{"href":"https:\/\/www.exp.com\/fr\/wp-json\/wp\/v2\/pages\/41569","targetHints":{"allow":["GET"]}}],"collection":[{"href":"https:\/\/www.exp.com\/fr\/wp-json\/wp\/v2\/pages"}],"about":[{"href":"https:\/\/www.exp.com\/fr\/wp-json\/wp\/v2\/types\/page"}],"author":[{"embeddable":true,"href":"https:\/\/www.exp.com\/fr\/wp-json\/wp\/v2\/users\/5"}],"replies":[{"embeddable":true,"href":"https:\/\/www.exp.com\/fr\/wp-json\/wp\/v2\/comments?post=41569"}],"version-history":[{"count":2,"href":"https:\/\/www.exp.com\/fr\/wp-json\/wp\/v2\/pages\/41569\/revisions"}],"predecessor-version":[{"id":43989,"href":"https:\/\/www.exp.com\/fr\/wp-json\/wp\/v2\/pages\/41569\/revisions\/43989"}],"up":[{"embeddable":true,"href":"https:\/\/www.exp.com\/fr\/wp-json\/wp\/v2\/pages\/41391"}],"wp:featuredmedia":[{"embeddable":true,"href":"https:\/\/www.exp.com\/fr\/wp-json\/wp\/v2\/media\/42106"}],"wp:attachment":[{"href":"https:\/\/www.exp.com\/fr\/wp-json\/wp\/v2\/media?parent=41569"}],"curies":[{"name":"wp","href":"https:\/\/api.w.org\/{rel}","templated":true}]}}