{"id":21729,"date":"2022-05-09T16:30:00","date_gmt":"2022-05-09T16:30:00","guid":{"rendered":"https:\/\/expwebsite.wpengine.com\/services\/realisation-de-programmes-et-de-projets\/geomatics-and-gis\/"},"modified":"2025-02-24T22:43:04","modified_gmt":"2025-02-24T22:43:04","slug":"capture-de-la-realite-et-geomatique","status":"publish","type":"page","link":"https:\/\/www.exp.com\/fr\/services\/numerique\/capture-de-la-realite-et-geomatique\/","title":{"rendered":"Capture de la r\u00e9alit\u00e9 + g\u00e9omatique"},"content":{"rendered":"","protected":false},"excerpt":{"rendered":"","protected":false},"author":1,"featured_media":33460,"parent":31020,"menu_order":0,"comment_status":"closed","ping_status":"closed","template":"","meta":{"_acf_changed":false,"footnotes":""},"class_list":["post-21729","page","type-page","status-publish","has-post-thumbnail","hentry"],"acf":[],"_links":{"self":[{"href":"https:\/\/www.exp.com\/fr\/wp-json\/wp\/v2\/pages\/21729","targetHints":{"allow":["GET"]}}],"collection":[{"href":"https:\/\/www.exp.com\/fr\/wp-json\/wp\/v2\/pages"}],"about":[{"href":"https:\/\/www.exp.com\/fr\/wp-json\/wp\/v2\/types\/page"}],"author":[{"embeddable":true,"href":"https:\/\/www.exp.com\/fr\/wp-json\/wp\/v2\/users\/1"}],"replies":[{"embeddable":true,"href":"https:\/\/www.exp.com\/fr\/wp-json\/wp\/v2\/comments?post=21729"}],"version-history":[{"count":0,"href":"https:\/\/www.exp.com\/fr\/wp-json\/wp\/v2\/pages\/21729\/revisions"}],"up":[{"embeddable":true,"href":"https:\/\/www.exp.com\/fr\/wp-json\/wp\/v2\/pages\/31020"}],"wp:featuredmedia":[{"embeddable":true,"href":"https:\/\/www.exp.com\/fr\/wp-json\/wp\/v2\/media\/33460"}],"wp:attachment":[{"href":"https:\/\/www.exp.com\/fr\/wp-json\/wp\/v2\/media?parent=21729"}],"curies":[{"name":"wp","href":"https:\/\/api.w.org\/{rel}","templated":true}]}}