{"id":20966,"date":"2022-05-03T05:16:21","date_gmt":"2022-05-03T05:16:21","guid":{"rendered":"https:\/\/expwebsite.wpengine.com\/?page_id=20966"},"modified":"2026-04-13T15:23:10","modified_gmt":"2026-04-13T15:23:10","slug":"biocarburants-et-valorisation-energetique-des-dechets","status":"publish","type":"page","link":"https:\/\/www.exp.com\/fr\/marches\/energie\/biocarburants-et-valorisation-energetique-des-dechets\/","title":{"rendered":"Biocarburants + valorisation \u00e9nerg\u00e9tique des d\u00e9chets"},"content":{"rendered":"","protected":false},"excerpt":{"rendered":"","protected":false},"author":1,"featured_media":43264,"parent":20949,"menu_order":0,"comment_status":"closed","ping_status":"closed","template":"","meta":{"_acf_changed":false,"footnotes":""},"class_list":["post-20966","page","type-page","status-publish","has-post-thumbnail","hentry"],"acf":[],"_links":{"self":[{"href":"https:\/\/www.exp.com\/fr\/wp-json\/wp\/v2\/pages\/20966","targetHints":{"allow":["GET"]}}],"collection":[{"href":"https:\/\/www.exp.com\/fr\/wp-json\/wp\/v2\/pages"}],"about":[{"href":"https:\/\/www.exp.com\/fr\/wp-json\/wp\/v2\/types\/page"}],"author":[{"embeddable":true,"href":"https:\/\/www.exp.com\/fr\/wp-json\/wp\/v2\/users\/1"}],"replies":[{"embeddable":true,"href":"https:\/\/www.exp.com\/fr\/wp-json\/wp\/v2\/comments?post=20966"}],"version-history":[{"count":4,"href":"https:\/\/www.exp.com\/fr\/wp-json\/wp\/v2\/pages\/20966\/revisions"}],"predecessor-version":[{"id":44243,"href":"https:\/\/www.exp.com\/fr\/wp-json\/wp\/v2\/pages\/20966\/revisions\/44243"}],"up":[{"embeddable":true,"href":"https:\/\/www.exp.com\/fr\/wp-json\/wp\/v2\/pages\/20949"}],"wp:featuredmedia":[{"embeddable":true,"href":"https:\/\/www.exp.com\/fr\/wp-json\/wp\/v2\/media\/43264"}],"wp:attachment":[{"href":"https:\/\/www.exp.com\/fr\/wp-json\/wp\/v2\/media?parent=20966"}],"curies":[{"name":"wp","href":"https:\/\/api.w.org\/{rel}","templated":true}]}}